{"id":204,"date":"2022-01-23T18:29:37","date_gmt":"2022-01-23T18:29:37","guid":{"rendered":"http:\/\/boxenstopp-neubrunn.de\/?page_id=204"},"modified":"2022-10-23T08:20:34","modified_gmt":"2022-10-23T08:20:34","slug":"preise","status":"publish","type":"page","link":"https:\/\/www.boxenstopp-neubrunn.de\/?page_id=204","title":{"rendered":"Preise"},"content":{"rendered":"<p>[et_pb_section fb_built=&#8220;1&#8243; _builder_version=&#8220;4.14.1&#8243; _module_preset=&#8220;default&#8220; global_colors_info=&#8220;{}&#8220;][et_pb_row _builder_version=&#8220;4.14.1&#8243; _module_preset=&#8220;default&#8220; global_colors_info=&#8220;{}&#8220;][et_pb_column type=&#8220;4_4&#8243; _builder_version=&#8220;4.14.1&#8243; _module_preset=&#8220;default&#8220; global_colors_info=&#8220;{}&#8220;][et_pb_text _builder_version=&#8220;4.14.1&#8243; _module_preset=&#8220;default&#8220; global_colors_info=&#8220;{}&#8220;]<\/p>\n<h2><strong>Vereinbaren Sie Ihren pers\u00f6nlichen Termin (09536\/921918) f\u00fcr Ihr individuelles Angebot, so k\u00f6nnen wir den genauen Aufwand absch\u00e4tzen, Sie bestens beraten und einen fairen Preis festlegen.<\/strong><\/h2>\n<p>[\/et_pb_text][\/et_pb_column][\/et_pb_row][et_pb_row _builder_version=&#8220;4.14.1&#8243; _module_preset=&#8220;default&#8220; global_colors_info=&#8220;{}&#8220;][et_pb_column type=&#8220;4_4&#8243; _builder_version=&#8220;4.14.1&#8243; _module_preset=&#8220;default&#8220; global_colors_info=&#8220;{}&#8220;][et_pb_divider _builder_version=&#8220;4.14.1&#8243; _module_preset=&#8220;default&#8220; global_colors_info=&#8220;{}&#8220;][\/et_pb_divider][\/et_pb_column][\/et_pb_row][et_pb_row column_structure=&#8220;2_5,3_5&#8243; _builder_version=&#8220;4.14.1&#8243; _module_preset=&#8220;default&#8220; link_option_url_new_window=&#8220;on&#8220; global_colors_info=&#8220;{}&#8220;][et_pb_column type=&#8220;2_5&#8243; _builder_version=&#8220;4.14.1&#8243; _module_preset=&#8220;default&#8220; global_colors_info=&#8220;{}&#8220;][et_pb_image src=&#8220;https:\/\/boxenstopp-neubrunn.de\/wp-content\/uploads\/2022\/02\/photo_2022-01-19-18.52.44.jpeg&#8220; title_text=&#8220;photo_2022-01-19 18.52.44&#8243; _builder_version=&#8220;4.14.1&#8243; _module_preset=&#8220;default&#8220; global_colors_info=&#8220;{}&#8220;][\/et_pb_image][\/et_pb_column][et_pb_column type=&#8220;3_5&#8243; _builder_version=&#8220;4.14.1&#8243; _module_preset=&#8220;default&#8220; global_colors_info=&#8220;{}&#8220;][et_pb_text _builder_version=&#8220;4.14.1&#8243; _module_preset=&#8220;default&#8220; global_colors_info=&#8220;{}&#8220;]<\/p>\n<h2>Machen Sie sich selbst eine Freude und denken Sie auch an Ihre Lieben!<\/h2>\n<h2>Mit einem Gutschein haben Sie immer das passende Geschenk.<\/h2>\n<p>[\/et_pb_text][\/et_pb_column][\/et_pb_row][et_pb_row _builder_version=&#8220;4.14.1&#8243; _module_preset=&#8220;default&#8220; global_colors_info=&#8220;{}&#8220;][et_pb_column type=&#8220;4_4&#8243; _builder_version=&#8220;4.14.1&#8243; _module_preset=&#8220;default&#8220; global_colors_info=&#8220;{}&#8220;][et_pb_divider _builder_version=&#8220;4.14.1&#8243; _module_preset=&#8220;default&#8220; global_colors_info=&#8220;{}&#8220;][\/et_pb_divider][\/et_pb_column][\/et_pb_row][et_pb_row _builder_version=&#8220;4.14.1&#8243; _module_preset=&#8220;default&#8220; link_option_url=&#8220;https:\/\/boxenstopp-neubrunn.de\/?p=330&#8243; link_option_url_new_window=&#8220;on&#8220; global_colors_info=&#8220;{}&#8220;][et_pb_column type=&#8220;4_4&#8243; _builder_version=&#8220;4.14.1&#8243; _module_preset=&#8220;default&#8220; global_colors_info=&#8220;{}&#8220;][et_pb_text _builder_version=&#8220;4.14.1&#8243; _module_preset=&#8220;default&#8220; global_colors_info=&#8220;{}&#8220;]<\/p>\n<h3><strong>Professionelle Kfz-Aufbereitung au\u00dfen <\/strong><\/h3>\n<p>&nbsp;<\/p>\n<p><strong>und Expresslackpflege <\/strong>ab 99 \u20ac<\/p>\n<ul>\n<li><strong>oder<\/strong><strong> Hochglanzlackpflege<\/strong> ab 129 \u20ac<\/li>\n<li><strong>&nbsp;oder<\/strong><strong> WAX-Versiegelung<\/strong> ab 159 \u20ac<\/li>\n<li>&nbsp;<strong>oder<\/strong><strong> Goldshield-Keramikversiegelung <\/strong>ab 369 \u20ac<\/li>\n<\/ul>\n<p>[\/et_pb_text][\/et_pb_column][\/et_pb_row][et_pb_row _builder_version=&#8220;4.14.1&#8243; _module_preset=&#8220;default&#8220; global_colors_info=&#8220;{}&#8220;][et_pb_column type=&#8220;4_4&#8243; _builder_version=&#8220;4.14.1&#8243; _module_preset=&#8220;default&#8220; global_colors_info=&#8220;{}&#8220;][et_pb_divider _builder_version=&#8220;4.14.1&#8243; _module_preset=&#8220;default&#8220; global_colors_info=&#8220;{}&#8220;][\/et_pb_divider][\/et_pb_column][\/et_pb_row][et_pb_row _builder_version=&#8220;4.14.1&#8243; _module_preset=&#8220;default&#8220; link_option_url=&#8220;https:\/\/boxenstopp-neubrunn.de\/?p=349&#8243; link_option_url_new_window=&#8220;on&#8220; global_colors_info=&#8220;{}&#8220;][et_pb_column type=&#8220;4_4&#8243; _builder_version=&#8220;4.14.1&#8243; _module_preset=&#8220;default&#8220; global_colors_info=&#8220;{}&#8220;][et_pb_text _builder_version=&#8220;4.14.1&#8243; _module_preset=&#8220;default&#8220; global_colors_info=&#8220;{}&#8220;]<\/p>\n<h3><strong>Weitere Leistungen im Au\u00dfenbereich zubuchbar:<\/strong><\/h3>\n<p>&nbsp;<\/p>\n<ul>\n<li><strong>Alufelgenversiegelung<\/strong> 99 \u20ac<\/li>\n<li><strong>Scheibenversiegelung<\/strong> ab 79 \u20ac<\/li>\n<li><strong>Cabrioverdeckreinigung und -impr\u00e4gnierung <\/strong>ab 109 \u20ac<\/li>\n<li><strong>Alufelgen Smartrepair <\/strong>49 \u20ac<strong>&nbsp;&nbsp;&nbsp; <\/strong><\/li>\n<li><strong>Kunststoff Smartrepair<\/strong> 49 \u20ac<\/li>\n<li><strong>Scheinwerfer- und Plexiglasreparatur<\/strong><strong>&nbsp; <\/strong>79 \u20ac<\/li>\n<li><strong>Werbebeschriftung entfernen<\/strong> (Car Dewrapping) &nbsp;&nbsp; nach Vereinbarung &nbsp;&nbsp;<\/li>\n<li><strong>Kratzerentfernung<\/strong>&nbsp; ab 59 \u20ac<\/li>\n<li><strong>Lack- und Dellenarbeiten<\/strong><strong>&nbsp; <\/strong>auf Anfrage<\/li>\n<\/ul>\n<p>[\/et_pb_text][\/et_pb_column][\/et_pb_row][et_pb_row _builder_version=&#8220;4.14.1&#8243; _module_preset=&#8220;default&#8220; global_colors_info=&#8220;{}&#8220;][et_pb_column type=&#8220;4_4&#8243; _builder_version=&#8220;4.14.1&#8243; _module_preset=&#8220;default&#8220; global_colors_info=&#8220;{}&#8220;][et_pb_divider _builder_version=&#8220;4.14.1&#8243; _module_preset=&#8220;default&#8220; global_colors_info=&#8220;{}&#8220;][\/et_pb_divider][\/et_pb_column][\/et_pb_row][et_pb_row _builder_version=&#8220;4.14.1&#8243; _module_preset=&#8220;default&#8220; link_option_url=&#8220;https:\/\/boxenstopp-neubrunn.de\/?p=354&#8243; link_option_url_new_window=&#8220;on&#8220; global_colors_info=&#8220;{}&#8220;][et_pb_column type=&#8220;4_4&#8243; _builder_version=&#8220;4.14.1&#8243; _module_preset=&#8220;default&#8220; global_colors_info=&#8220;{}&#8220;][et_pb_text _builder_version=&#8220;4.14.1&#8243; _module_preset=&#8220;default&#8220; global_colors_info=&#8220;{}&#8220;]<\/p>\n<h3><strong>Motorraumreinigung <\/strong>49 \u20ac<\/h3>\n<h3>&nbsp;<\/h3>\n<h3>&nbsp;<\/h3>\n<h3>&nbsp;<\/h3>\n<h3><strong>Motorraumversiegelung <\/strong>29 \u20ac<\/h3>\n<p>[\/et_pb_text][\/et_pb_column][\/et_pb_row][et_pb_row _builder_version=&#8220;4.14.1&#8243; _module_preset=&#8220;default&#8220; global_colors_info=&#8220;{}&#8220;][et_pb_column type=&#8220;4_4&#8243; _builder_version=&#8220;4.14.1&#8243; _module_preset=&#8220;default&#8220; global_colors_info=&#8220;{}&#8220;][et_pb_divider _builder_version=&#8220;4.14.1&#8243; _module_preset=&#8220;default&#8220; global_colors_info=&#8220;{}&#8220;][\/et_pb_divider][\/et_pb_column][\/et_pb_row][et_pb_row _builder_version=&#8220;4.14.1&#8243; _module_preset=&#8220;default&#8220; link_option_url=&#8220;https:\/\/boxenstopp-neubrunn.de\/?p=362&#8243; link_option_url_new_window=&#8220;on&#8220; global_colors_info=&#8220;{}&#8220;][et_pb_column type=&#8220;4_4&#8243; _builder_version=&#8220;4.14.1&#8243; _module_preset=&#8220;default&#8220; global_colors_info=&#8220;{}&#8220;][et_pb_text _builder_version=&#8220;4.14.1&#8243; _module_preset=&#8220;default&#8220; global_colors_info=&#8220;{}&#8220;]<\/p>\n<h3>&nbsp;<\/h3>\n<h3><strong>Hygienische Kfz-Innenraumaufbereitung<\/strong> ab 89 \u20ac<\/h3>\n<p>[\/et_pb_text][\/et_pb_column][\/et_pb_row][et_pb_row _builder_version=&#8220;4.14.1&#8243; _module_preset=&#8220;default&#8220; global_colors_info=&#8220;{}&#8220;][et_pb_column type=&#8220;4_4&#8243; _builder_version=&#8220;4.14.1&#8243; _module_preset=&#8220;default&#8220; global_colors_info=&#8220;{}&#8220;][et_pb_divider _builder_version=&#8220;4.14.1&#8243; _module_preset=&#8220;default&#8220; global_colors_info=&#8220;{}&#8220;][\/et_pb_divider][\/et_pb_column][\/et_pb_row][et_pb_row _builder_version=&#8220;4.14.1&#8243; _module_preset=&#8220;default&#8220; link_option_url=&#8220;https:\/\/boxenstopp-neubrunn.de\/?p=369&#8243; link_option_url_new_window=&#8220;on&#8220; global_colors_info=&#8220;{}&#8220;][et_pb_column type=&#8220;4_4&#8243; _builder_version=&#8220;4.14.1&#8243; _module_preset=&#8220;default&#8220; global_colors_info=&#8220;{}&#8220;][et_pb_text _builder_version=&#8220;4.14.1&#8243; _module_preset=&#8220;default&#8220; global_colors_info=&#8220;{}&#8220;]<\/p>\n<h3><strong>Weitere Leistungen im Innenbereich zubuchbar:<\/strong><\/h3>\n<p>&nbsp;<\/p>\n<p>(Bei den Reinigungen ist teilweise ein Nasstechnikverfahren erforderlich)<\/p>\n<ul>\n<li><strong>Fleckenentfernung und Einzelteilereinigung<\/strong> &nbsp;ab 29 \u20ac<\/li>\n<li><strong>Entfernung von starken o. organischen Verschmutzungen: <\/strong>ab 39 \u20ac<\/li>\n<li><strong>Lederaufbereitung <\/strong> &nbsp;ab 79 \u20ac<\/li>\n<li><strong>Polsterintensivreinigung und Smartrepair &nbsp;<\/strong>ab 69 \u20ac<\/li>\n<li><strong>Textilsmartrepair<\/strong> ab 69 \u20ac<\/li>\n<li><strong>Textilimpr\u00e4gnierung <\/strong>ab 99 \u20ac<\/li>\n<li><strong>Kunststoffreparatur <\/strong>ab 49 \u20ac<\/li>\n<li><strong>Geruchs- und Schimmelbeseitung, Entfernung von Viren, Bakterien, Pilzen, Nikotin<\/strong> ab 69 \u20ac<\/li>\n<\/ul>\n<p>[\/et_pb_text][\/et_pb_column][\/et_pb_row][et_pb_row _builder_version=&#8220;4.14.1&#8243; _module_preset=&#8220;default&#8220; global_colors_info=&#8220;{}&#8220;][et_pb_column type=&#8220;4_4&#8243; _builder_version=&#8220;4.14.1&#8243; _module_preset=&#8220;default&#8220; global_colors_info=&#8220;{}&#8220;][et_pb_divider _builder_version=&#8220;4.14.1&#8243; _module_preset=&#8220;default&#8220; global_colors_info=&#8220;{}&#8220;][\/et_pb_divider][\/et_pb_column][\/et_pb_row][et_pb_row _builder_version=&#8220;4.14.1&#8243; _module_preset=&#8220;default&#8220; link_option_url=&#8220;https:\/\/boxenstopp-neubrunn.de\/?p=375&#8243; link_option_url_new_window=&#8220;on&#8220; global_colors_info=&#8220;{}&#8220;][et_pb_column type=&#8220;4_4&#8243; _builder_version=&#8220;4.14.1&#8243; _module_preset=&#8220;default&#8220; global_colors_info=&#8220;{}&#8220;][et_pb_text _builder_version=&#8220;4.14.1&#8243; _module_preset=&#8220;default&#8220; global_colors_info=&#8220;{}&#8220;]<\/p>\n<h3><strong>Profitieren Sie von den Paketen !<\/strong><\/h3>\n<p>&nbsp;<\/p>\n<ul>\n<li><strong>Komplett-Standard-Paket <\/strong>ab 69 \u20ac<\/li>\n<li><strong>Komplett-Standard-Plus-Paket&nbsp; <\/strong>ab 109 \u20ac<\/li>\n<li><strong>Komplett-Professionell-Plus-Paket <\/strong>ab 219 \u20ac<\/li>\n<li><strong>Gro\u00dfes Gold-Plus-Paket<\/strong>&nbsp; ab 490 \u20ac<\/li>\n<\/ul>\n<p>[\/et_pb_text][\/et_pb_column][\/et_pb_row][et_pb_row _builder_version=&#8220;4.14.1&#8243; _module_preset=&#8220;default&#8220; global_colors_info=&#8220;{}&#8220;][et_pb_column type=&#8220;4_4&#8243; _builder_version=&#8220;4.14.1&#8243; _module_preset=&#8220;default&#8220; global_colors_info=&#8220;{}&#8220;][et_pb_divider _builder_version=&#8220;4.14.1&#8243; _module_preset=&#8220;default&#8220; global_colors_info=&#8220;{}&#8220;][\/et_pb_divider][\/et_pb_column][\/et_pb_row][et_pb_row _builder_version=&#8220;4.14.1&#8243; _module_preset=&#8220;default&#8220; link_option_url=&#8220;https:\/\/boxenstopp-neubrunn.de\/?page_id=771&#8243; link_option_url_new_window=&#8220;on&#8220; global_colors_info=&#8220;{}&#8220;][et_pb_column type=&#8220;4_4&#8243; _builder_version=&#8220;4.14.1&#8243; _module_preset=&#8220;default&#8220; global_colors_info=&#8220;{}&#8220;][et_pb_text _builder_version=&#8220;4.14.1&#8243; _module_preset=&#8220;default&#8220; global_colors_info=&#8220;{}&#8220;]<\/p>\n<h2><strong>Abhol- und R\u00fccktransportservice Preise auf Anfrage<\/strong><\/h2>\n<p>&nbsp;<\/p>\n<p>Gerne holen wir ihr Auto oder bringen Sie in der Zwischenzeit nach Hause. Sprechen Sie uns an, wir machen Ihnen ein faires Angebot unter Ber\u00fccksichtigung der geleisteten Kilometer.<\/p>\n<p>[\/et_pb_text][\/et_pb_column][\/et_pb_row][et_pb_row _builder_version=&#8220;4.14.1&#8243; _module_preset=&#8220;default&#8220; global_colors_info=&#8220;{}&#8220;][et_pb_column type=&#8220;4_4&#8243; _builder_version=&#8220;4.14.1&#8243; _module_preset=&#8220;default&#8220; global_colors_info=&#8220;{}&#8220;][et_pb_divider _builder_version=&#8220;4.14.1&#8243; _module_preset=&#8220;default&#8220; global_colors_info=&#8220;{}&#8220;][\/et_pb_divider][\/et_pb_column][\/et_pb_row][et_pb_row _builder_version=&#8220;4.14.1&#8243; _module_preset=&#8220;default&#8220; link_option_url=&#8220;https:\/\/boxenstopp-neubrunn.de\/?page_id=762&#8243; link_option_url_new_window=&#8220;on&#8220; global_colors_info=&#8220;{}&#8220;][et_pb_column type=&#8220;4_4&#8243; _builder_version=&#8220;4.14.1&#8243; _module_preset=&#8220;default&#8220; global_colors_info=&#8220;{}&#8220;][et_pb_text _builder_version=&#8220;4.14.1&#8243; _module_preset=&#8220;default&#8220; hover_enabled=&#8220;0&#8243; global_colors_info=&#8220;{}&#8220; sticky_enabled=&#8220;0&#8243;]<\/p>\n<h2><strong>Aufbereitung bedingt beim Kunden Vorort m\u00f6glich<\/strong><\/h2>\n<p>&nbsp;<\/p>\n<p class=\"Textbody\">Vereinbaren Sie telefonisch (09536\/921918 oder 0176\/45882359) Ihren pers\u00f6nlichen Termin f\u00fcr Ihr individuelles Angebot, so k\u00f6nnen wir den genauen Aufwand absch\u00e4tzen, Sie bestens berate.<\/p>\n<p>[\/et_pb_text][\/et_pb_column][\/et_pb_row][\/et_pb_section]<\/p>\n","protected":false},"excerpt":{"rendered":"<p>Vereinbaren Sie Ihren pers\u00f6nlichen Termin (09536\/921918) f\u00fcr Ihr individuelles Angebot, so k\u00f6nnen wir den genauen Aufwand absch\u00e4tzen, Sie bestens beraten und einen fairen Preis festlegen.Machen Sie sich selbst eine Freude und denken Sie auch an Ihre Lieben! Mit einem Gutschein haben Sie immer das passende Geschenk.Professionelle Kfz-Aufbereitung au\u00dfen &nbsp; und Expresslackpflege ab 99 \u20ac oder [&hellip;]<\/p>\n","protected":false},"author":1,"featured_media":0,"parent":0,"menu_order":0,"comment_status":"closed","ping_status":"closed","template":"","meta":{"_et_pb_use_builder":"on","_et_pb_old_content":"","_et_gb_content_width":"","ngg_post_thumbnail":0,"footnotes":""},"class_list":["post-204","page","type-page","status-publish","hentry"],"_links":{"self":[{"href":"https:\/\/www.boxenstopp-neubrunn.de\/index.php?rest_route=\/wp\/v2\/pages\/204","targetHints":{"allow":["GET"]}}],"collection":[{"href":"https:\/\/www.boxenstopp-neubrunn.de\/index.php?rest_route=\/wp\/v2\/pages"}],"about":[{"href":"https:\/\/www.boxenstopp-neubrunn.de\/index.php?rest_route=\/wp\/v2\/types\/page"}],"author":[{"embeddable":true,"href":"https:\/\/www.boxenstopp-neubrunn.de\/index.php?rest_route=\/wp\/v2\/users\/1"}],"replies":[{"embeddable":true,"href":"https:\/\/www.boxenstopp-neubrunn.de\/index.php?rest_route=%2Fwp%2Fv2%2Fcomments&post=204"}],"version-history":[{"count":30,"href":"https:\/\/www.boxenstopp-neubrunn.de\/index.php?rest_route=\/wp\/v2\/pages\/204\/revisions"}],"predecessor-version":[{"id":1234,"href":"https:\/\/www.boxenstopp-neubrunn.de\/index.php?rest_route=\/wp\/v2\/pages\/204\/revisions\/1234"}],"wp:attachment":[{"href":"https:\/\/www.boxenstopp-neubrunn.de\/index.php?rest_route=%2Fwp%2Fv2%2Fmedia&parent=204"}],"curies":[{"name":"wp","href":"https:\/\/api.w.org\/{rel}","templated":true}]}}