{"id":195,"date":"2022-01-23T18:23:52","date_gmt":"2022-01-23T18:23:52","guid":{"rendered":"http:\/\/boxenstopp-neubrunn.de\/?page_id=195"},"modified":"2024-07-16T06:31:58","modified_gmt":"2024-07-16T06:31:58","slug":"startseite","status":"publish","type":"page","link":"https:\/\/www.boxenstopp-neubrunn.de\/","title":{"rendered":"Startseite"},"content":{"rendered":"<p>[et_pb_section fb_built=&#8220;1&#8243; fullwidth=&#8220;on&#8220; admin_label=&#8220;Glanzschmiede im Pflegeatelier&#8220; _builder_version=&#8220;3.22&#8243; global_colors_info=&#8220;{}&#8220;][et_pb_fullwidth_slider admin_label=&#8220;Vollbreiter Slider&#8220; _builder_version=&#8220;4.14.1&#8243; custom_button=&#8220;on&#8220; button_bg_color=&#8220;rgba(0,0,0,0.52)&#8220; custom_padding=&#8220;|||&#8220; custom_padding_tablet=&#8220;|||&#8220; custom_padding_phone=&#8220;|||&#8220; link_option_url_new_window=&#8220;on&#8220; box_shadow_style=&#8220;preset6&#8243; box_shadow_blur=&#8220;10px&#8220; box_shadow_color=&#8220;rgba(0,0,0,0.1)&#8220; remove_inner_shadow=&#8220;off&#8220; hide_content_on_mobile=&#8220;off&#8220; hide_cta_on_mobile=&#8220;off&#8220; show_inner_shadow=&#8220;on&#8220; button_letter_spacing_hover=&#8220;0&#8243; global_colors_info=&#8220;{}&#8220; button_text_size__hover_enabled=&#8220;off&#8220; button_one_text_size__hover_enabled=&#8220;off&#8220; button_two_text_size__hover_enabled=&#8220;off&#8220; button_text_color__hover_enabled=&#8220;off&#8220; button_one_text_color__hover_enabled=&#8220;off&#8220; button_two_text_color__hover_enabled=&#8220;off&#8220; button_border_width__hover_enabled=&#8220;off&#8220; button_one_border_width__hover_enabled=&#8220;off&#8220; button_two_border_width__hover_enabled=&#8220;off&#8220; button_border_color__hover_enabled=&#8220;off&#8220; button_one_border_color__hover_enabled=&#8220;off&#8220; button_two_border_color__hover_enabled=&#8220;off&#8220; button_border_radius__hover_enabled=&#8220;off&#8220; button_one_border_radius__hover_enabled=&#8220;off&#8220; button_two_border_radius__hover_enabled=&#8220;off&#8220; button_letter_spacing__hover_enabled=&#8220;on&#8220; button_letter_spacing__hover=&#8220;0&#8243; button_one_letter_spacing__hover_enabled=&#8220;off&#8220; button_two_letter_spacing__hover_enabled=&#8220;off&#8220; button_bg_color__hover_enabled=&#8220;off&#8220; button_one_bg_color__hover_enabled=&#8220;off&#8220; button_two_bg_color__hover_enabled=&#8220;off&#8220;][et_pb_slide heading=&#8220;Glanzschmiede im Pflegeatelier&#8220; button_text=&#8220;G\u00f6nnen Sie sich eine AUSZEIT und Ihrem Fahrzeug einen BOXENSTOPP&#8220; button_link=&#8220;http:\/\/auszeit-neubrunn.de\/&#8220; url_new_window=&#8220;on&#8220; image_tablet=&#8220;&#8220; image_phone=&#8220;&#8220; image_last_edited=&#8220;on|phone&#8220; _builder_version=&#8220;4.14.1&#8243; header_level=&#8220;h2&#8243; header_font_size=&#8220;40px&#8220; body_font_size=&#8220;44px&#8220; background_color=&#8220;#ffffff&#8220; background_image=&#8220;http:\/\/boxenstopp-neubrunn.de\/wp-content\/uploads\/2022\/01\/iStock-505990692_slider.jpg&#8220; background_enable_image=&#8220;on&#8220; parallax=&#8220;on&#8220; button_icon_placement=&#8220;right&#8220; button_on_hover=&#8220;on&#8220; header_font_last_edited=&#8220;off|phone&#8220; header_text_color_tablet=&#8220;&#8220; header_text_color_phone=&#8220;&#8220; header_text_color_last_edited=&#8220;on|phone&#8220; body_font_tablet=&#8220;&#8220; body_font_phone=&#8220;&#8220; body_font_last_edited=&#8220;on|phone&#8220; global_colors_info=&#8220;{}&#8220; button_text_size__hover_enabled=&#8220;off&#8220; button_one_text_size__hover_enabled=&#8220;off&#8220; button_two_text_size__hover_enabled=&#8220;off&#8220; button_text_color__hover_enabled=&#8220;off&#8220; button_one_text_color__hover_enabled=&#8220;off&#8220; button_two_text_color__hover_enabled=&#8220;off&#8220; button_border_width__hover_enabled=&#8220;off&#8220; button_one_border_width__hover_enabled=&#8220;off&#8220; button_two_border_width__hover_enabled=&#8220;off&#8220; button_border_color__hover_enabled=&#8220;off&#8220; button_one_border_color__hover_enabled=&#8220;off&#8220; button_two_border_color__hover_enabled=&#8220;off&#8220; button_border_radius__hover_enabled=&#8220;off&#8220; button_one_border_radius__hover_enabled=&#8220;off&#8220; button_two_border_radius__hover_enabled=&#8220;off&#8220; button_letter_spacing__hover_enabled=&#8220;off&#8220; button_one_letter_spacing__hover_enabled=&#8220;off&#8220; button_two_letter_spacing__hover_enabled=&#8220;off&#8220; button_bg_color__hover_enabled=&#8220;off&#8220; button_one_bg_color__hover_enabled=&#8220;off&#8220; button_two_bg_color__hover_enabled=&#8220;off&#8220; sticky_transition=&#8220;on&#8220;][\/et_pb_slide][et_pb_slide heading=&#8220;H\u00fcpfburgen&#8220; button_text=&#8220;N\u00e4here Informationen&#8220; button_link=&#8220;https:\/\/www.boxenstopp-neubrunn.de\/?page_id=1738&#8243; url_new_window=&#8220;on&#8220; image_tablet=&#8220;&#8220; image_phone=&#8220;&#8220; image_last_edited=&#8220;on|phone&#8220; _builder_version=&#8220;4.14.1&#8243; header_level=&#8220;h2&#8243; header_font_size=&#8220;40px&#8220; body_font_size=&#8220;44px&#8220; background_color=&#8220;#ffffff&#8220; background_image=&#8220;https:\/\/www.boxenstopp-neubrunn.de\/wp-content\/uploads\/2023\/08\/01huepfburgverleihkletterparcourfussballfanhuepfburgjubilaeumfesthochzeitgeburtstagkirchlauterhassfurtbambergcoburgeltmannitzgrundebelsbach.jpg&#8220; background_enable_image=&#8220;on&#8220; parallax=&#8220;on&#8220; button_icon_placement=&#8220;right&#8220; button_on_hover=&#8220;on&#8220; header_font_last_edited=&#8220;off|phone&#8220; header_text_color_tablet=&#8220;&#8220; header_text_color_phone=&#8220;&#8220; header_text_color_last_edited=&#8220;on|phone&#8220; body_font_tablet=&#8220;&#8220; body_font_phone=&#8220;&#8220; body_font_last_edited=&#8220;on|phone&#8220; global_colors_info=&#8220;{}&#8220; button_text_size__hover_enabled=&#8220;off&#8220; button_one_text_size__hover_enabled=&#8220;off&#8220; button_two_text_size__hover_enabled=&#8220;off&#8220; button_text_color__hover_enabled=&#8220;off&#8220; button_one_text_color__hover_enabled=&#8220;off&#8220; button_two_text_color__hover_enabled=&#8220;off&#8220; button_border_width__hover_enabled=&#8220;off&#8220; button_one_border_width__hover_enabled=&#8220;off&#8220; button_two_border_width__hover_enabled=&#8220;off&#8220; button_border_color__hover_enabled=&#8220;off&#8220; button_one_border_color__hover_enabled=&#8220;off&#8220; button_two_border_color__hover_enabled=&#8220;off&#8220; button_border_radius__hover_enabled=&#8220;off&#8220; button_one_border_radius__hover_enabled=&#8220;off&#8220; button_two_border_radius__hover_enabled=&#8220;off&#8220; button_letter_spacing__hover_enabled=&#8220;off&#8220; button_one_letter_spacing__hover_enabled=&#8220;off&#8220; button_two_letter_spacing__hover_enabled=&#8220;off&#8220; button_bg_color__hover_enabled=&#8220;off&#8220; button_one_bg_color__hover_enabled=&#8220;off&#8220; button_two_bg_color__hover_enabled=&#8220;off&#8220; sticky_transition=&#8220;on&#8220;][\/et_pb_slide][\/et_pb_fullwidth_slider][\/et_pb_section][et_pb_section fb_built=&#8220;1&#8243; admin_label=&#8220;Strietzel&#8220; _builder_version=&#8220;4.14.1&#8243; _module_preset=&#8220;default&#8220; background_image=&#8220;https:\/\/boxenstopp-neubrunn.de\/wp-content\/uploads\/2022\/01\/backsteinwand.jpg&#8220; global_colors_info=&#8220;{}&#8220;][et_pb_row _builder_version=&#8220;4.14.1&#8243; _module_preset=&#8220;default&#8220; global_colors_info=&#8220;{}&#8220;][et_pb_column type=&#8220;4_4&#8243; _builder_version=&#8220;4.14.1&#8243; _module_preset=&#8220;default&#8220; global_colors_info=&#8220;{}&#8220;][et_pb_image src=&#8220;https:\/\/www.boxenstopp-neubrunn.de\/wp-content\/uploads\/2022\/10\/2c-Isi-und-Stuck.png&#8220; title_text=&#8220;2c Isi und Stuck&#8220; align=&#8220;center&#8220; _builder_version=&#8220;4.14.1&#8243; _module_preset=&#8220;default&#8220; global_colors_info=&#8220;{}&#8220;][\/et_pb_image][\/et_pb_column][\/et_pb_row][\/et_pb_section][et_pb_section fb_built=&#8220;1&#8243; admin_label=&#8220;Boxenstopp Vorstellung&#8220; _builder_version=&#8220;4.14.1&#8243; _module_preset=&#8220;default&#8220; background_image=&#8220;https:\/\/boxenstopp-neubrunn.de\/wp-content\/uploads\/2022\/01\/backsteinwand.jpg&#8220; global_colors_info=&#8220;{}&#8220;][et_pb_row column_structure=&#8220;1_2,1_2&#8243; _builder_version=&#8220;4.14.1&#8243; _module_preset=&#8220;default&#8220; global_colors_info=&#8220;{}&#8220;][et_pb_column type=&#8220;1_2&#8243; _builder_version=&#8220;4.14.1&#8243; _module_preset=&#8220;default&#8220; global_colors_info=&#8220;{}&#8220;][et_pb_image src=&#8220;https:\/\/www.boxenstopp-neubrunn.de\/wp-content\/uploads\/2022\/10\/1a-Logo.jpg&#8220; title_text=&#8220;1a Logo&#8220; _builder_version=&#8220;4.14.1&#8243; _module_preset=&#8220;default&#8220; global_colors_info=&#8220;{}&#8220;][\/et_pb_image][\/et_pb_column][et_pb_column type=&#8220;1_2&#8243; _builder_version=&#8220;4.14.1&#8243; _module_preset=&#8220;default&#8220; global_colors_info=&#8220;{}&#8220;][et_pb_image src=&#8220;https:\/\/www.boxenstopp-neubrunn.de\/wp-content\/uploads\/2024\/07\/Niederfuellbach.jpeg&#8220; title_text=&#8220;Niederfu\u0308llbach&#8220; _builder_version=&#8220;4.14.1&#8243; _module_preset=&#8220;default&#8220; hover_enabled=&#8220;0&#8243; global_colors_info=&#8220;{}&#8220; sticky_enabled=&#8220;0&#8243;][\/et_pb_image][\/et_pb_column][\/et_pb_row][\/et_pb_section][et_pb_section fb_built=&#8220;1&#8243; admin_label=&#8220;geht nicht gibts nicht&#8220; _builder_version=&#8220;4.14.1&#8243; _module_preset=&#8220;default&#8220; background_image=&#8220;https:\/\/boxenstopp-neubrunn.de\/wp-content\/uploads\/2022\/01\/backsteinwand.jpg&#8220; global_colors_info=&#8220;{}&#8220;][et_pb_row _builder_version=&#8220;4.14.1&#8243; _module_preset=&#8220;default&#8220; global_colors_info=&#8220;{}&#8220;][et_pb_column type=&#8220;4_4&#8243; _builder_version=&#8220;4.14.1&#8243; _module_preset=&#8220;default&#8220; global_colors_info=&#8220;{}&#8220;][et_pb_text _builder_version=&#8220;4.14.1&#8243; _module_preset=&#8220;default&#8220; text_text_color=&#8220;#FFFFFF&#8220; header_text_color=&#8220;#FFFFFF&#8220; background_color=&#8220;rgba(0,0,0,0.63)&#8220; text_orientation=&#8220;center&#8220; global_colors_info=&#8220;{}&#8220;]<\/p>\n<h1>&nbsp;<\/h1>\n<h1><strong>Geht nicht, gibt\u2019s nicht beim Boxenstopp in der Glanzschmiede<\/strong><\/h1>\n<p>&nbsp;<\/p>\n<p>Vom Kleinwagen \u00fcber den Familien-Van zur Luxus-Limousine,<\/p>\n<p>ob Oldtimer, Youngtimer oder Cabrios,<\/p>\n<p>Motorr\u00e4der, Quads, Trikes oder E-Bikes,<\/p>\n<p>Wohnmobile, Wohnw\u00e4gen oder andere Anh\u00e4nger,<\/p>\n<p>Transporter, LKWs oder Busse,<\/p>\n<p>Traktoren und Baufahrzeuge,<\/p>\n<p>Leichtflugzeuge, Boote, Jet-Skis, Yachten und Katamarane<\/p>\n<p>erhalten eine <strong>PROFIPFLEGE<\/strong>!<\/p>\n<p>&nbsp;<\/p>\n<p>Nachhaltigkeit ist unser Thema, vielleicht auch Ihres? Ihr Fahrzeug ist verschmutzt, der Lack und das Cockpit ist stumpf, zerkratzt, verblichen, hat einen \u201eSch\u00f6nheitsfehler\u201c? Planen Sie Ihr jetziges Fahrzeug zu verkaufen und m\u00f6chten den Wert steigern? Wollen Sie Ihr Leasingfahrzeug zur\u00fcckgeben? Steht die n\u00e4chste Ausstellung mit Ihrem Oldtimer an? Wollen Sie einfach \u00fcber lange Zeit Freude an Ihrem Fahrzeug haben und es vor \u00e4u\u00dferen Einfl\u00fcssen sch\u00fctzen?<\/p>\n<p>Dann sind Sie bei uns genau richtig! Wir reinigen Ihr Fahrzeug nicht nur umweltschonend, sondern befreien es auch von unsichtbaren Verschmutzungen und Belastung wie Bakterien, Pilzen und Schimmel. Wir beherrschen das Handwerk der <strong>hygiensichen REINIGUNG<\/strong> und <strong>AUFBEREITUNG, SMARTREPAIR <\/strong>sowie <strong>VERSIEGELUNGEN<\/strong> f\u00fcr langanhaltenden Schutz!<\/p>\n<p>Wir freuen uns mit Ihnen, wenn Sie sich \u00fcber lange Zeit an Ihrem Fahrzeug erfreuen!<\/p>\n<p>&nbsp;<\/p>\n<p>Vereinbaren Sie Ihren pers\u00f6nlichen Termin f\u00fcr Ihr individuelles Angebot, so k\u00f6nnen wir den genauen Aufwand absch\u00e4tzen, Sie bestens beraten und einen fairen Preis festlegen.<\/p>\n<p>&nbsp;<\/p>\n<p>Machen Sie sich selbst eine Freude und <strong>profitieren Sie von unseren Paketen<\/strong>!<\/p>\n<p>Denken Sie auch an Ihre Lieben: Mit einem Gutschein haben Sie immer das passende Geschenk.<\/p>\n<p>&nbsp;<\/p>\n<p>&nbsp;<\/p>\n<p>[\/et_pb_text][\/et_pb_column][\/et_pb_row][et_pb_row admin_label=&#8220;Leistungen \u00dcberschrift&#8220; _builder_version=&#8220;4.14.1&#8243; _module_preset=&#8220;default&#8220; global_colors_info=&#8220;{}&#8220;][et_pb_column type=&#8220;4_4&#8243; _builder_version=&#8220;4.14.1&#8243; _module_preset=&#8220;default&#8220; global_colors_info=&#8220;{}&#8220;][et_pb_text _builder_version=&#8220;4.14.1&#8243; _module_preset=&#8220;default&#8220; header_text_color=&#8220;#FFFFFF&#8220; global_colors_info=&#8220;{}&#8220;]<\/p>\n<h1 style=\"text-align: center;\">Leistungen<\/h1>\n<p>[\/et_pb_text][\/et_pb_column][\/et_pb_row][et_pb_row column_structure=&#8220;1_3,1_3,1_3&#8243; admin_label=&#8220;Leistungen&#8220; _builder_version=&#8220;4.14.1&#8243; background_size=&#8220;initial&#8220; background_position=&#8220;top_left&#8220; background_repeat=&#8220;repeat&#8220; global_colors_info=&#8220;{}&#8220;][et_pb_column type=&#8220;1_3&#8243; _builder_version=&#8220;3.25&#8243; custom_padding=&#8220;|||&#8220; global_colors_info=&#8220;{}&#8220; custom_padding__hover=&#8220;|||&#8220;][et_pb_testimonial author=&#8220;weitere Informationen&#8220; quote_icon_color=&#8220;#757575&#8243; admin_label=&#8220;Professionelle Kfz- Au\u00dfenaufbereitung&#8220; _builder_version=&#8220;4.14.1&#8243; background_color=&#8220;rgba(0,0,0,0.63)&#8220; background_size=&#8220;initial&#8220; background_position=&#8220;top_left&#8220; background_repeat=&#8220;repeat&#8220; background_layout=&#8220;dark&#8220; link_option_url=&#8220;http:\/\/boxenstopp-neubrunn.de\/?page_id=202&#8243; use_border_color=&#8220;off&#8220; border_color=&#8220;#ffffff&#8220; border_style=&#8220;solid&#8220; global_colors_info=&#8220;{}&#8220;]<\/p>\n<h2><strong> Professionelle Kfz- Au\u00dfenaufbereitung<\/strong><\/h2>\n<p>[\/et_pb_testimonial][et_pb_testimonial author=&#8220;weitere Informationen&#8220; url=&#8220;#&#8220; quote_icon_color=&#8220;#757575&#8243; admin_label=&#8220;Weitere Leistungen im Au\u00dfenbereich zubuchbar&#8220; _builder_version=&#8220;4.14.1&#8243; background_color=&#8220;rgba(0,0,0,0.63)&#8220; background_size=&#8220;initial&#8220; background_position=&#8220;top_left&#8220; background_repeat=&#8220;repeat&#8220; background_layout=&#8220;dark&#8220; link_option_url=&#8220;http:\/\/boxenstopp-neubrunn.de\/?page_id=202&#8243; use_border_color=&#8220;off&#8220; border_color=&#8220;#ffffff&#8220; border_style=&#8220;solid&#8220; global_colors_info=&#8220;{}&#8220;]<\/p>\n<h2><strong>Weitere Leistungen im Au\u00dfenbereich zubuchbar<\/strong><\/h2>\n<p>[\/et_pb_testimonial][et_pb_testimonial author=&#8220;weitere Informationen&#8220; url=&#8220;#&#8220; quote_icon_color=&#8220;#757575&#8243; admin_label=&#8220;Motorw\u00e4sche und Motorraumversiegelung&#8220; _builder_version=&#8220;4.14.1&#8243; background_color=&#8220;rgba(0,0,0,0.63)&#8220; background_size=&#8220;initial&#8220; background_position=&#8220;top_left&#8220; background_repeat=&#8220;repeat&#8220; background_layout=&#8220;dark&#8220; link_option_url=&#8220;http:\/\/boxenstopp-neubrunn.de\/?page_id=202&#8243; use_border_color=&#8220;off&#8220; border_color=&#8220;#ffffff&#8220; border_style=&#8220;solid&#8220; global_colors_info=&#8220;{}&#8220;]<\/p>\n<h2><strong>Motorw\u00e4sche und Motorraumversiegelung<\/strong><\/h2>\n<p>[\/et_pb_testimonial][\/et_pb_column][et_pb_column type=&#8220;1_3&#8243; _builder_version=&#8220;3.25&#8243; custom_padding=&#8220;|||&#8220; global_colors_info=&#8220;{}&#8220; custom_padding__hover=&#8220;|||&#8220;][et_pb_testimonial author=&#8220;weitere Informationen&#8220; url=&#8220;#&#8220; quote_icon_color=&#8220;#757575&#8243; admin_label=&#8220;Hygienische Kfz-Innenraumaufbereitung&#8220; _builder_version=&#8220;4.14.1&#8243; background_color=&#8220;rgba(0,0,0,0.63)&#8220; background_size=&#8220;initial&#8220; background_position=&#8220;top_left&#8220; background_repeat=&#8220;repeat&#8220; background_layout=&#8220;dark&#8220; link_option_url=&#8220;http:\/\/boxenstopp-neubrunn.de\/?page_id=202&#8243; use_border_color=&#8220;off&#8220; border_color=&#8220;#ffffff&#8220; border_style=&#8220;solid&#8220; global_colors_info=&#8220;{}&#8220;]<\/p>\n<h2><strong>Hygienische Kfz-Innenraumaufbereitung<\/strong><\/h2>\n<p>[\/et_pb_testimonial][et_pb_testimonial author=&#8220;weitere Informationen&#8220; url=&#8220;#&#8220; quote_icon_color=&#8220;#757575&#8243; admin_label=&#8220;Weitere Leistungen im Innenbereich zubuchbar&#8220; _builder_version=&#8220;4.14.1&#8243; background_color=&#8220;rgba(0,0,0,0.63)&#8220; background_size=&#8220;initial&#8220; background_position=&#8220;top_left&#8220; background_repeat=&#8220;repeat&#8220; background_layout=&#8220;dark&#8220; link_option_url=&#8220;http:\/\/boxenstopp-neubrunn.de\/?page_id=202&#8243; use_border_color=&#8220;off&#8220; border_color=&#8220;#ffffff&#8220; border_style=&#8220;solid&#8220; global_colors_info=&#8220;{}&#8220;]<\/p>\n<h2><strong>Weitere Leistungen im Innenbereich zubuchbar<\/strong><\/h2>\n<p>[\/et_pb_testimonial][et_pb_testimonial author=&#8220;weitere Informationen&#8220; url=&#8220;#&#8220; quote_icon_color=&#8220;#757575&#8243; admin_label=&#8220;Unsere Pakete&#8220; _builder_version=&#8220;4.14.1&#8243; background_color=&#8220;rgba(0,0,0,0.63)&#8220; background_size=&#8220;initial&#8220; background_position=&#8220;top_left&#8220; background_repeat=&#8220;repeat&#8220; background_layout=&#8220;dark&#8220; link_option_url=&#8220;http:\/\/boxenstopp-neubrunn.de\/?page_id=202&#8243; use_border_color=&#8220;off&#8220; border_color=&#8220;#ffffff&#8220; border_style=&#8220;solid&#8220; global_colors_info=&#8220;{}&#8220;]<\/p>\n<h2><strong>Unsere Pakete<\/strong><\/h2>\n<p>[\/et_pb_testimonial][\/et_pb_column][et_pb_column type=&#8220;1_3&#8243; _builder_version=&#8220;3.25&#8243; custom_padding=&#8220;|||&#8220; global_colors_info=&#8220;{}&#8220; custom_padding__hover=&#8220;|||&#8220;][et_pb_testimonial author=&#8220;weitere Informationen&#8220; url=&#8220;#&#8220; quote_icon_color=&#8220;#757575&#8243; admin_label=&#8220;Versiegelungen&#8220; _builder_version=&#8220;4.14.1&#8243; background_color=&#8220;rgba(0,0,0,0.63)&#8220; background_size=&#8220;initial&#8220; background_position=&#8220;top_left&#8220; background_repeat=&#8220;repeat&#8220; background_layout=&#8220;dark&#8220; link_option_url=&#8220;http:\/\/boxenstopp-neubrunn.de\/?page_id=202&#8243; use_border_color=&#8220;off&#8220; border_color=&#8220;#ffffff&#8220; border_style=&#8220;solid&#8220; global_colors_info=&#8220;{}&#8220;]<\/p>\n<h2><strong>Versiegelungen<\/strong><\/h2>\n<p>[\/et_pb_testimonial][et_pb_testimonial author=&#8220;weitere Informationen&#8220; url=&#8220;#&#8220; quote_icon_color=&#8220;#757575&#8243; admin_label=&#8220;Smart Repair&#8220; _builder_version=&#8220;4.14.1&#8243; background_color=&#8220;rgba(0,0,0,0.63)&#8220; background_size=&#8220;initial&#8220; background_position=&#8220;top_left&#8220; background_repeat=&#8220;repeat&#8220; background_layout=&#8220;dark&#8220; link_option_url=&#8220;http:\/\/boxenstopp-neubrunn.de\/?page_id=202&#8243; use_border_color=&#8220;off&#8220; border_color=&#8220;#ffffff&#8220; border_style=&#8220;solid&#8220; global_colors_info=&#8220;{}&#8220;]<\/p>\n<h2><strong>Smart Repair<br \/><\/strong><\/h2>\n<p>[\/et_pb_testimonial][et_pb_testimonial author=&#8220;weitere Informationen&#8220; url=&#8220;#&#8220; quote_icon_color=&#8220;#757575&#8243; admin_label=&#8220;Welche Fahrzeuge&#8220; _builder_version=&#8220;4.14.1&#8243; background_color=&#8220;rgba(0,0,0,0.63)&#8220; background_size=&#8220;initial&#8220; background_position=&#8220;top_left&#8220; background_repeat=&#8220;repeat&#8220; background_layout=&#8220;dark&#8220; link_option_url=&#8220;https:\/\/www.boxenstopp-neubrunn.de\/?page_id=752&#8243; use_border_color=&#8220;off&#8220; border_color=&#8220;#ffffff&#8220; border_style=&#8220;solid&#8220; global_colors_info=&#8220;{}&#8220;]<\/p>\n<h2><strong>Welche Fahrzeuge ?<br \/><\/strong><\/h2>\n<p>[\/et_pb_testimonial][\/et_pb_column][\/et_pb_row][\/et_pb_section][et_pb_section fb_built=&#8220;1&#8243; inner_shadow=&#8220;on&#8220; custom_padding_last_edited=&#8220;on|desktop&#8220; admin_label=&#8220;section&#8220; module_class=&#8220; et_pb_specialty_fullwidth&#8220; _builder_version=&#8220;3.22&#8243; background_color=&#8220;#82c5f2&#8243; background_image=&#8220;\/wp-content\/themes\/di-yourtech\/images\/yourtech_slider3.jpg&#8220; parallax=&#8220;on&#8220; inner_width_tablet=&#8220;80%&#8220; inner_width_phone=&#8220;&#8220; inner_width_last_edited=&#8220;on|desktop&#8220; inner_max_width_tablet=&#8220;80%&#8220; inner_max_width_phone=&#8220;&#8220; inner_max_width_last_edited=&#8220;on|desktop&#8220; custom_padding_tablet=&#8220;50px|0|50px|0&#8243; custom_padding_phone=&#8220;&#8220; transparent_background=&#8220;off&#8220; padding_mobile=&#8220;off&#8220; make_fullwidth=&#8220;on&#8220; use_custom_width=&#8220;off&#8220; width_unit=&#8220;on&#8220; global_colors_info=&#8220;{}&#8220;][et_pb_row column_structure=&#8220;3_5,2_5&#8243; _builder_version=&#8220;4.14.1&#8243; _module_preset=&#8220;default&#8220; global_colors_info=&#8220;{}&#8220;][et_pb_column type=&#8220;3_5&#8243; _builder_version=&#8220;4.14.1&#8243; _module_preset=&#8220;default&#8220; global_colors_info=&#8220;{}&#8220;][et_pb_image src=&#8220;https:\/\/www.boxenstopp-neubrunn.de\/wp-content\/uploads\/2022\/10\/sandra.jpeg&#8220; alt=&#8220; &#8220; title_text=&#8220;Auszeit_Ausdruck&#8220; url=&#8220;https:\/\/boxenstopp-neubrunn.de\/wp-content\/uploads\/2022\/02\/Auszeit_Ausdruck.jpg&#8220; url_new_window=&#8220;on&#8220; align=&#8220;center&#8220; _builder_version=&#8220;4.14.1&#8243; _module_preset=&#8220;default&#8220; background_enable_image=&#8220;off&#8220; custom_padding=&#8220;0px||||false|false&#8220; global_colors_info=&#8220;{}&#8220;][\/et_pb_image][\/et_pb_column][et_pb_column type=&#8220;2_5&#8243; _builder_version=&#8220;4.14.1&#8243; _module_preset=&#8220;default&#8220; global_colors_info=&#8220;{}&#8220;][et_pb_cta title=&#8220;Zertifikat&#8220; button_url=&#8220;https:\/\/boxenstopp-neubrunn.de\/?page_id=736&#8243; _builder_version=&#8220;4.14.1&#8243; _module_preset=&#8220;default&#8220; header_text_color=&#8220;RGBA(255,255,255,0)&#8220; background_color=&#8220;#000000&#8243; background_image=&#8220;https:\/\/boxenstopp-neubrunn.de\/wp-content\/uploads\/2022\/02\/Der-Autoputzer-Zertifikat-klein-1.jpg&#8220; background_size=&#8220;contain&#8220; link_option_url=&#8220;https:\/\/boxenstopp-neubrunn.de\/?page_id=736&#8243; global_colors_info=&#8220;{}&#8220;][\/et_pb_cta][et_pb_cta title=&#8220;Aufbereitung bedingt beim Kunden Vorort m\u00f6glich&#8220; _builder_version=&#8220;4.14.1&#8243; _module_preset=&#8220;default&#8220; header_text_color=&#8220;#FFFFFF&#8220; background_enable_color=&#8220;off&#8220; background_image=&#8220;https:\/\/boxenstopp-neubrunn.de\/wp-content\/uploads\/2022\/01\/jag-891138_1920.jpg&#8220; background_position=&#8220;bottom_center&#8220; link_option_url=&#8220;https:\/\/boxenstopp-neubrunn.de\/?page_id=762&#8243; global_colors_info=&#8220;{}&#8220;][\/et_pb_cta][et_pb_cta title=&#8220;R\u00fccktransport- und Abholservice&#8220; _builder_version=&#8220;4.14.1&#8243; _module_preset=&#8220;default&#8220; header_text_align=&#8220;center&#8220; header_text_color=&#8220;#E02B20&#8243; background_enable_color=&#8220;off&#8220; background_image=&#8220;https:\/\/boxenstopp-neubrunn.de\/wp-content\/uploads\/2022\/01\/car-932455_1920.jpg&#8220; link_option_url=&#8220;https:\/\/boxenstopp-neubrunn.de\/?page_id=771&#8243; global_colors_info=&#8220;{}&#8220;][\/et_pb_cta][et_pb_cta title=&#8220;Referenzen&#8220; _builder_version=&#8220;4.14.1&#8243; _module_preset=&#8220;default&#8220; header_text_align=&#8220;center&#8220; header_text_color=&#8220;#FFFFFF&#8220; background_enable_color=&#8220;off&#8220; background_image=&#8220;https:\/\/www.boxenstopp-neubrunn.de\/wp-content\/uploads\/2022\/10\/1dodge-viper-aussenreinigung-expresspolitur-lackpflege-coburg-kirchlauter-bamberg-lichtenfels-kulmbach-schweinfurt-nuernberg-hassfurt-eltmann-nachher.jpg&#8220; link_option_url=&#8220;https:\/\/www.boxenstopp-neubrunn.de\/?page_id=1338&#8243; global_colors_info=&#8220;{}&#8220;][\/et_pb_cta][\/et_pb_column][\/et_pb_row][\/et_pb_section]<\/p>\n","protected":false},"excerpt":{"rendered":"<p>&nbsp; Geht nicht, gibt\u2019s nicht beim Boxenstopp in der Glanzschmiede &nbsp; Vom Kleinwagen \u00fcber den Familien-Van zur Luxus-Limousine, ob Oldtimer, Youngtimer oder Cabrios, Motorr\u00e4der, Quads, Trikes oder E-Bikes, Wohnmobile, Wohnw\u00e4gen oder andere Anh\u00e4nger, Transporter, LKWs oder Busse, Traktoren und Baufahrzeuge, Leichtflugzeuge, Boote, Jet-Skis, Yachten und Katamarane erhalten eine PROFIPFLEGE! &nbsp; Nachhaltigkeit ist unser Thema, vielleicht [&hellip;]<\/p>\n","protected":false},"author":1,"featured_media":0,"parent":0,"menu_order":0,"comment_status":"closed","ping_status":"closed","template":"","meta":{"_et_pb_use_builder":"on","_et_pb_old_content":"","_et_gb_content_width":"","ngg_post_thumbnail":0,"footnotes":""},"class_list":["post-195","page","type-page","status-publish","hentry"],"_links":{"self":[{"href":"https:\/\/www.boxenstopp-neubrunn.de\/index.php?rest_route=\/wp\/v2\/pages\/195","targetHints":{"allow":["GET"]}}],"collection":[{"href":"https:\/\/www.boxenstopp-neubrunn.de\/index.php?rest_route=\/wp\/v2\/pages"}],"about":[{"href":"https:\/\/www.boxenstopp-neubrunn.de\/index.php?rest_route=\/wp\/v2\/types\/page"}],"author":[{"embeddable":true,"href":"https:\/\/www.boxenstopp-neubrunn.de\/index.php?rest_route=\/wp\/v2\/users\/1"}],"replies":[{"embeddable":true,"href":"https:\/\/www.boxenstopp-neubrunn.de\/index.php?rest_route=%2Fwp%2Fv2%2Fcomments&post=195"}],"version-history":[{"count":275,"href":"https:\/\/www.boxenstopp-neubrunn.de\/index.php?rest_route=\/wp\/v2\/pages\/195\/revisions"}],"predecessor-version":[{"id":1782,"href":"https:\/\/www.boxenstopp-neubrunn.de\/index.php?rest_route=\/wp\/v2\/pages\/195\/revisions\/1782"}],"wp:attachment":[{"href":"https:\/\/www.boxenstopp-neubrunn.de\/index.php?rest_route=%2Fwp%2Fv2%2Fmedia&parent=195"}],"curies":[{"name":"wp","href":"https:\/\/api.w.org\/{rel}","templated":true}]}}