{"id":1738,"date":"2023-08-20T15:32:24","date_gmt":"2023-08-20T15:32:24","guid":{"rendered":"https:\/\/www.boxenstopp-neubrunn.de\/?page_id=1738"},"modified":"2023-08-20T15:56:58","modified_gmt":"2023-08-20T15:56:58","slug":"huepfburg-verleih","status":"publish","type":"page","link":"https:\/\/www.boxenstopp-neubrunn.de\/?page_id=1738","title":{"rendered":"H\u00fcpfburg Verleih"},"content":{"rendered":"<p>[et_pb_section fb_built=&#8220;1&#8243; _builder_version=&#8220;4.14.1&#8243; _module_preset=&#8220;default&#8220; global_colors_info=&#8220;{}&#8220;][et_pb_row _builder_version=&#8220;4.14.1&#8243; _module_preset=&#8220;default&#8220; global_colors_info=&#8220;{}&#8220;][et_pb_column type=&#8220;4_4&#8243; _builder_version=&#8220;4.14.1&#8243; _module_preset=&#8220;default&#8220; global_colors_info=&#8220;{}&#8220;][et_pb_text _builder_version=&#8220;4.14.1&#8243; _module_preset=&#8220;default&#8220; global_colors_info=&#8220;{}&#8220;]<\/p>\n<p>Steht der n\u00e4chste Kindergeburtstag an? Wird die Einschulung gefeiert oder eine Hochzeit? Egal ob bei Geburtstagen, Familienfeiern, Firmenjubil\u00e4en oder Vereinsveranstaltungen: mit einer H\u00fcpfburg lassen Sie Kinderaugen strahlen und machen das Fest zu einem garantiert unvergesslichem Erlebnis!<\/p>\n<p>[\/et_pb_text][et_pb_image src=&#8220;https:\/\/www.boxenstopp-neubrunn.de\/wp-content\/uploads\/2023\/08\/01huepfburgverleihkletterparcourfussballfanhuepfburgjubilaeumfesthochzeitgeburtstagkirchlauterhassfurtbambergcoburgeltmannitzgrundebelsbach.jpg&#8220; title_text=&#8220;h\u00fcpfburgverleih,kletterparcour,fussballfan,h\u00fcpfburg,jubil\u00e4um,fest,hochzeit,geburtstag,kirchlauter,hassfurt,bamberg,coburg,eltmann,itzgrund,ebelsbach&#8220; align=&#8220;center&#8220; _builder_version=&#8220;4.14.1&#8243; _module_preset=&#8220;default&#8220; global_colors_info=&#8220;{}&#8220;][\/et_pb_image][et_pb_divider _builder_version=&#8220;4.14.1&#8243; _module_preset=&#8220;default&#8220; global_colors_info=&#8220;{}&#8220;][\/et_pb_divider][\/et_pb_column][\/et_pb_row][\/et_pb_section][et_pb_section fb_built=&#8220;1&#8243; admin_label=&#8220;H\u00dcPFBURG 1  &#8211;  Kletterparcours&#8220; _builder_version=&#8220;4.14.1&#8243; _module_preset=&#8220;default&#8220; global_colors_info=&#8220;{}&#8220;][et_pb_row _builder_version=&#8220;4.14.1&#8243; _module_preset=&#8220;default&#8220; global_colors_info=&#8220;{}&#8220;][et_pb_column type=&#8220;4_4&#8243; _builder_version=&#8220;4.14.1&#8243; _module_preset=&#8220;default&#8220; global_colors_info=&#8220;{}&#8220;][et_pb_text _builder_version=&#8220;4.14.1&#8243; _module_preset=&#8220;default&#8220; global_colors_info=&#8220;{}&#8220;]<\/p>\n<h1><strong>H\u00dcPFBURG 1&nbsp;&nbsp; &#8211;&nbsp;&nbsp; Kletterparcours<\/strong><\/h1>\n<p>[\/et_pb_text][\/et_pb_column][\/et_pb_row][\/et_pb_section][et_pb_section fb_built=&#8220;1&#8243; admin_label=&#8220;H\u00dcPFBURG 1  &#8211;  Kletterparcours&#8220; _builder_version=&#8220;4.14.1&#8243; _module_preset=&#8220;default&#8220; global_colors_info=&#8220;{}&#8220;][et_pb_row column_structure=&#8220;2_3,1_3&#8243; _builder_version=&#8220;4.14.1&#8243; _module_preset=&#8220;default&#8220; global_colors_info=&#8220;{}&#8220;][et_pb_column type=&#8220;2_3&#8243; _builder_version=&#8220;4.14.1&#8243; _module_preset=&#8220;default&#8220; global_colors_info=&#8220;{}&#8220;][et_pb_image src=&#8220;https:\/\/www.boxenstopp-neubrunn.de\/wp-content\/uploads\/2023\/08\/1huepfburg-verleih-kletterparcours-kindergeburtstag-firmenjubilaeum-hochzeit-coburg-ebern-hassfurt-bamberg.jpg&#8220; title_text=&#8220;1h\u00fcpfburg-verleih-kletterparcours-kindergeburtstag-firmenjubilaeum-hochzeit-coburg-ebern-hassfurt-bamberg&#8220; _builder_version=&#8220;4.14.1&#8243; _module_preset=&#8220;default&#8220; global_colors_info=&#8220;{}&#8220;][\/et_pb_image][et_pb_image src=&#8220;https:\/\/www.boxenstopp-neubrunn.de\/wp-content\/uploads\/2023\/08\/2huepfburg-vermietung-kletterparcours-kindergeburtstag-vereins-firmenjubilaeum-bamberg-eltmann-ebern-coburg.jpg&#8220; _builder_version=&#8220;4.14.1&#8243; _module_preset=&#8220;default&#8220; global_colors_info=&#8220;{}&#8220;][\/et_pb_image][et_pb_image src=&#8220;https:\/\/www.boxenstopp-neubrunn.de\/wp-content\/uploads\/2023\/08\/3huepfburg-verleih-klettern-huepfen-kindergeburtstag-hochzeit-jubilaeum-bamberg-ebern-coburg-hassfurt-ebern-.jpg&#8220; _builder_version=&#8220;4.14.1&#8243; _module_preset=&#8220;default&#8220; global_colors_info=&#8220;{}&#8220;][\/et_pb_image][\/et_pb_column][et_pb_column type=&#8220;1_3&#8243; _builder_version=&#8220;4.14.1&#8243; _module_preset=&#8220;default&#8220; global_colors_info=&#8220;{}&#8220;][et_pb_text _builder_version=&#8220;4.14.1&#8243; _module_preset=&#8220;default&#8220; global_colors_info=&#8220;{}&#8220;]<\/p>\n<p>Die farbenfrohe H\u00fcpfburg Hindernisparcours bietet viele Aktivit\u00e4ten: Doppelrutsche, Tunnel, Kletterw\u00e4nde und Sprungbereich mit flexiblen Hindernissen. So wird jedes Event&nbsp; zum besonderen Erlebnis f\u00fcr die Kleinen!<\/p>\n<p>Die H\u00fcpfburg ist f\u00fcr 4 bis 5 Kinder ab einem Alter von drei Jahren geeignet. Die maximale Komplettbelastung liegt bei 180 kg, das maximale Gewicht eines Kindes bzw. die Punktbelastung liegt bei 45 kg und bei einer K\u00f6rpergr\u00f6\u00dfe von 145 cm.&nbsp;<\/p>\n<p>Die H\u00fcpfburg, das Gebl\u00e4se, eine Plane f\u00fcr darunter und Befestigungshaken befinden sich in einer Tragetasche und einem Karton. Sie funktioniert mit einem normalen Stromanschluss. Zur Abholung ist kein Anh\u00e4nger n\u00f6tig (normal gro\u00dfer PKW-Kofferraum ist ausreichend).<\/p>\n<p>Die H\u00fcpfburg ist in zwei Minuten aufgeblasen und sofort einsatzbereit. Sie hat dann eine Gr\u00f6\u00dfe von:<\/p>\n<p>Breite: 255 cm<\/p>\n<p>Tiefe: 560 cm<\/p>\n<p>H\u00f6he: 190 cm<\/p>\n<p>Mietkonditionen:<\/p>\n<p>ein Tag (9.00-21.00 Uhr, oder Zeiten nach R\u00fccksprache) kostet w\u00e4hrend der Tage<\/p>\n<ul>\n<li>Montag &#8211; Donnerstag 59\u20ac pro Tag (zwei Tage 105\u20ac)<\/li>\n<li>Freitag &#8211; Sonntag und feiertags 69\u20ac&nbsp;<\/li>\n<li>das komplette Wochenende (Freitag bis einschlie\u00dflich Sonntag 185\u20ac)<\/li>\n<\/ul>\n<p>Der Mietpreis und eine Kaution von 80\u20ac sind sofort zu begleichen, zum Abschluss des Mietvertrags ist ein Ausweis notwendig.<\/p>\n<p>Bei schlechtem Wetter ist eine kostenfreie Stornierung m\u00f6glich. Kein Versand&nbsp;<\/p>\n<p>[\/et_pb_text][\/et_pb_column][\/et_pb_row][\/et_pb_section][et_pb_section fb_built=&#8220;1&#8243; admin_label=&#8220;H\u00dcPFBURG 1  &#8211;  Kletterparcours&#8220; _builder_version=&#8220;4.14.1&#8243; _module_preset=&#8220;default&#8220; global_colors_info=&#8220;{}&#8220;][et_pb_row _builder_version=&#8220;4.14.1&#8243; _module_preset=&#8220;default&#8220; global_colors_info=&#8220;{}&#8220;][et_pb_column type=&#8220;4_4&#8243; _builder_version=&#8220;4.14.1&#8243; _module_preset=&#8220;default&#8220; global_colors_info=&#8220;{}&#8220;][et_pb_divider _builder_version=&#8220;4.14.1&#8243; _module_preset=&#8220;default&#8220; global_colors_info=&#8220;{}&#8220;][\/et_pb_divider][et_pb_text admin_label=&#8220;H\u00dcPFBURG 2  &#8211;  Fussballfan&#8220; _builder_version=&#8220;4.14.1&#8243; _module_preset=&#8220;default&#8220; global_colors_info=&#8220;{}&#8220;]<\/p>\n<h1><strong>H\u00dcPFBURG 2&nbsp;&nbsp; &#8211;&nbsp;&nbsp; Fussballfan<\/strong><\/h1>\n<p>[\/et_pb_text][\/et_pb_column][\/et_pb_row][\/et_pb_section][et_pb_section fb_built=&#8220;1&#8243; _builder_version=&#8220;4.14.1&#8243; _module_preset=&#8220;default&#8220; global_colors_info=&#8220;{}&#8220;][et_pb_row column_structure=&#8220;2_3,1_3&#8243; _builder_version=&#8220;4.14.1&#8243; _module_preset=&#8220;default&#8220; global_colors_info=&#8220;{}&#8220;][et_pb_column type=&#8220;2_3&#8243; _builder_version=&#8220;4.14.1&#8243; _module_preset=&#8220;default&#8220; global_colors_info=&#8220;{}&#8220;][et_pb_image src=&#8220;https:\/\/www.boxenstopp-neubrunn.de\/wp-content\/uploads\/2023\/08\/04huepfburgfussballgeburtstagvereinsfesthochzeitpartyeventkichrlauterbambergcoburgeltmannforchheimhirschaidebernebelsbachhassfurt.jpg&#8220; title_text=&#8220;04h\u00fcpfburg,fussball,geburtstag,vereinsfest,hochzeit,party,event,kichrlauter,bamberg,coburg,eltmann,forchheim,hirschaid,ebern,ebelsbach,hassfurt&#8220; _builder_version=&#8220;4.14.1&#8243; _module_preset=&#8220;default&#8220; global_colors_info=&#8220;{}&#8220;][\/et_pb_image][et_pb_image _builder_version=&#8220;4.14.1&#8243; _module_preset=&#8220;default&#8220; title_text=&#8220;02h\u00fcpfburg-verleih-vermietung,fussball,geburtstag,vereinsfest,hochzeit,party,event,kichrlauter,bamberg,coburg,eltmann,ebern,ebelsbach,hassfurt&#8220; src=&#8220;https:\/\/www.boxenstopp-neubrunn.de\/wp-content\/uploads\/2023\/08\/02huepfburg-verleih-vermietungfussballgeburtstagvereinsfesthochzeitpartyeventkichrlauterbambergcoburgeltmannebernebelsbachhassfurt.jpg&#8220; hover_enabled=&#8220;0&#8243; sticky_enabled=&#8220;0&#8243;][\/et_pb_image][et_pb_image _builder_version=&#8220;4.14.1&#8243; _module_preset=&#8220;default&#8220; title_text=&#8220;03h\u00fcpfburg,fussball,geburtstag,vereinsfest,hochzeit,party,event,kichrlauter,bamberg,coburg,eltmann,ebern,ebelsbach,suhl,erfurt,sonneberg,hassfurt&#8220; src=&#8220;https:\/\/www.boxenstopp-neubrunn.de\/wp-content\/uploads\/2023\/08\/03huepfburgfussballgeburtstagvereinsfesthochzeitpartyeventkichrlauterbambergcoburgeltmannebernebelsbachsuhlerfurtsonneberghassfurt.jpg&#8220; hover_enabled=&#8220;0&#8243; sticky_enabled=&#8220;0&#8243;][\/et_pb_image][\/et_pb_column][et_pb_column type=&#8220;1_3&#8243; _builder_version=&#8220;4.14.1&#8243; _module_preset=&#8220;default&#8220; global_colors_info=&#8220;{}&#8220;][et_pb_text _builder_version=&#8220;4.14.1&#8243; _module_preset=&#8220;default&#8220; global_colors_info=&#8220;{}&#8220;]<\/p>\n<p>Die farbenfrohe H\u00fcpfburg Football bietet viele Aktivit\u00e4ten: Rutschen, H\u00fcpfen und Ballspielen (Tor, Korb, Wurfl\u00f6cher). So wird jedes Event zum besonderen Erlebnis bereits f\u00fcr die Kleinsten!<\/p>\n<p>Die H\u00fcpfburg ist f\u00fcr drei bis vier Kinder ab einem Alter von zwei Jahren geeignet. Die maximale Komplettbelastung liegt bei 120 kg, das maximale Gewicht eines Kindes bzw. die Punktbelastung liegt bei 30kg und bei einer K\u00f6rpergr\u00f6\u00dfe von 130 cm.&nbsp;<\/p>\n<p>Die H\u00fcpfburg, das Gebl\u00e4se, eine Plane f\u00fcr darunter und Befestigungshaken befinden sich in einer Tragetasche und einem Karton. Sie funktioniert mit einem normalen Stromanschluss. Zur Abholung ist kein Anh\u00e4nger n\u00f6tig (normal gro\u00dfer PKW-Kofferraum ist ausreichend).<\/p>\n<p>Die H\u00fcpfburg ist in zwei Minuten aufgeblasen und sofort einsatzbereit.&nbsp;<\/p>\n<p>Mietkonditionen:<\/p>\n<p>ein Tag (9.00-21.00 Uhr, oder Zeiten nach R\u00fccksprache) kostet<\/p>\n<ul>\n<li>Montag, Dienstag, Mittwoch, Donnerstag 49\u20ac (zwei Tage 89\u20ac)<\/li>\n<li>Freitag, Samstag, Sonntag und feiertags 59\u20ac<\/li>\n<li>das komplette Wochenende (Freitag bis einschlie\u00dflich Sonntag 159\u20ac)<\/li>\n<\/ul>\n<p>Der Mietpreis und eine Kaution von 80\u20ac sind sofort zu begleichen. F\u00fcr den Abschluss des Mietvertrags ist die Vorlage eines Ausweises notwendig.<\/p>\n<p>Bei schlechtem Wetter ist eine kostenfreie Stornierung m\u00f6glich.<\/p>\n<p>[\/et_pb_text][\/et_pb_column][\/et_pb_row][\/et_pb_section]<\/p>\n","protected":false},"excerpt":{"rendered":"<p>Steht der n\u00e4chste Kindergeburtstag an? Wird die Einschulung gefeiert oder eine Hochzeit? Egal ob bei Geburtstagen, Familienfeiern, Firmenjubil\u00e4en oder Vereinsveranstaltungen: mit einer H\u00fcpfburg lassen Sie Kinderaugen strahlen und machen das Fest zu einem garantiert unvergesslichem Erlebnis!H\u00dcPFBURG 1&nbsp;&nbsp; &#8211;&nbsp;&nbsp; KletterparcoursDie farbenfrohe H\u00fcpfburg Hindernisparcours bietet viele Aktivit\u00e4ten: Doppelrutsche, Tunnel, Kletterw\u00e4nde und Sprungbereich mit flexiblen Hindernissen. So wird [&hellip;]<\/p>\n","protected":false},"author":1,"featured_media":0,"parent":0,"menu_order":0,"comment_status":"closed","ping_status":"closed","template":"","meta":{"_et_pb_use_builder":"on","_et_pb_old_content":"","_et_gb_content_width":"","ngg_post_thumbnail":0,"footnotes":""},"class_list":["post-1738","page","type-page","status-publish","hentry"],"_links":{"self":[{"href":"https:\/\/www.boxenstopp-neubrunn.de\/index.php?rest_route=\/wp\/v2\/pages\/1738","targetHints":{"allow":["GET"]}}],"collection":[{"href":"https:\/\/www.boxenstopp-neubrunn.de\/index.php?rest_route=\/wp\/v2\/pages"}],"about":[{"href":"https:\/\/www.boxenstopp-neubrunn.de\/index.php?rest_route=\/wp\/v2\/types\/page"}],"author":[{"embeddable":true,"href":"https:\/\/www.boxenstopp-neubrunn.de\/index.php?rest_route=\/wp\/v2\/users\/1"}],"replies":[{"embeddable":true,"href":"https:\/\/www.boxenstopp-neubrunn.de\/index.php?rest_route=%2Fwp%2Fv2%2Fcomments&post=1738"}],"version-history":[{"count":10,"href":"https:\/\/www.boxenstopp-neubrunn.de\/index.php?rest_route=\/wp\/v2\/pages\/1738\/revisions"}],"predecessor-version":[{"id":1766,"href":"https:\/\/www.boxenstopp-neubrunn.de\/index.php?rest_route=\/wp\/v2\/pages\/1738\/revisions\/1766"}],"wp:attachment":[{"href":"https:\/\/www.boxenstopp-neubrunn.de\/index.php?rest_route=%2Fwp%2Fv2%2Fmedia&parent=1738"}],"curies":[{"name":"wp","href":"https:\/\/api.w.org\/{rel}","templated":true}]}}